{"id":163,"date":"2025-03-25T23:04:43","date_gmt":"2025-03-25T23:04:43","guid":{"rendered":"https:\/\/lacbrome.kracmedia.com\/?page_id=163"},"modified":"2025-03-26T00:15:50","modified_gmt":"2025-03-26T00:15:50","slug":"partenaires","status":"publish","type":"page","link":"https:\/\/lacbrome.kracmedia.com\/index.php\/partenaires\/","title":{"rendered":"Partenaires"},"content":{"rendered":"\t\t<div data-elementor-type=\"wp-page\" data-elementor-id=\"163\" class=\"elementor elementor-163\" data-elementor-post-type=\"page\">\n\t\t\t\t\t\t<section class=\"elementor-section elementor-top-section elementor-element elementor-element-23316e79 elementor-section-boxed elementor-section-height-default elementor-section-height-default\" data-id=\"23316e79\" data-element_type=\"section\" data-settings=\"{&quot;background_background&quot;:&quot;classic&quot;}\">\n\t\t\t\t\t\t\t<div class=\"elementor-background-overlay\"><\/div>\n\t\t\t\t\t\t\t<div class=\"elementor-container elementor-column-gap-no\">\n\t\t\t\t\t<div class=\"elementor-column elementor-col-100 elementor-top-column elementor-element elementor-element-66472160\" data-id=\"66472160\" data-element_type=\"column\">\n\t\t\t<div class=\"elementor-widget-wrap elementor-element-populated\">\n\t\t\t\t\t\t<div class=\"elementor-element elementor-element-78ec669d elementor-widget elementor-widget-jkit_heading\" data-id=\"78ec669d\" data-element_type=\"widget\" data-widget_type=\"jkit_heading.default\">\n\t\t\t\t<div class=\"elementor-widget-container\">\n\t\t\t\t\t<div  class=\"jeg-elementor-kit jkit-heading  align-center align-tablet-center align-mobile-center jeg_module___6a051434a7bf8\" ><div class=\"heading-section-title  display-inline-block\"><h2 class=\"heading-title\">Nos Partenaires<\/h2><\/div><div class=\"heading-section-separator\"><div class=\"separator-wrapper style-solid\"><\/div><\/div><\/div>\t\t\t\t<\/div>\n\t\t\t\t<\/div>\n\t\t\t\t\t<\/div>\n\t\t<\/div>\n\t\t\t\t\t<\/div>\n\t\t<\/section>\n\t\t\t\t<section class=\"elementor-section elementor-top-section elementor-element elementor-element-2d0d1961 elementor-section-boxed elementor-section-height-default elementor-section-height-default\" data-id=\"2d0d1961\" data-element_type=\"section\" data-settings=\"{&quot;background_background&quot;:&quot;classic&quot;}\">\n\t\t\t\t\t\t<div class=\"elementor-container elementor-column-gap-default\">\n\t\t\t\t\t<div class=\"elementor-column elementor-col-100 elementor-top-column elementor-element elementor-element-72f96cb5\" data-id=\"72f96cb5\" data-element_type=\"column\">\n\t\t\t<div class=\"elementor-widget-wrap elementor-element-populated\">\n\t\t\t\t\t\t<div class=\"elementor-element elementor-element-5b5cca0a elementor-widget elementor-widget-jkit_client_logo\" data-id=\"5b5cca0a\" data-element_type=\"widget\" data-widget_type=\"jkit_client_logo.default\">\n\t\t\t\t<div class=\"elementor-widget-container\">\n\t\t\t\t\t<div  class=\"jeg-elementor-kit jkit-client-logo arrow-middle-edge jeg_module__1_6a051434a91cf\"  data-id=\"jeg_module__1_6a051434a91cf\" data-settings=\"{&quot;autoplay&quot;:true,&quot;autoplay_speed&quot;:3500,&quot;autoplay_hover_pause&quot;:false,&quot;show_navigation&quot;:false,&quot;navigation_left&quot;:&quot;&lt;span&gt;&lt;svg aria-hidden=\\&quot;true\\&quot; class=\\&quot;e-font-icon-svg e-fas-angle-left\\&quot; viewBox=\\&quot;0 0 256 512\\&quot; xmlns=\\&quot;http:\\\/\\\/www.w3.org\\\/2000\\\/svg\\&quot;&gt;&lt;path d=\\&quot;M31.7 239l136-136c9.4-9.4 24.6-9.4 33.9 0l22.6 22.6c9.4 9.4 9.4 24.6 0 33.9L127.9 256l96.4 96.4c9.4 9.4 9.4 24.6 0 33.9L201.7 409c-9.4 9.4-24.6 9.4-33.9 0l-136-136c-9.5-9.4-9.5-24.6-.1-34z\\&quot;&gt;&lt;\\\/path&gt;&lt;\\\/svg&gt;&lt;\\\/span&gt;&quot;,&quot;navigation_right&quot;:&quot;&lt;span&gt;&lt;svg aria-hidden=\\&quot;true\\&quot; class=\\&quot;e-font-icon-svg e-fas-angle-right\\&quot; viewBox=\\&quot;0 0 256 512\\&quot; xmlns=\\&quot;http:\\\/\\\/www.w3.org\\\/2000\\\/svg\\&quot;&gt;&lt;path d=\\&quot;M224.3 273l-136 136c-9.4 9.4-24.6 9.4-33.9 0l-22.6-22.6c-9.4-9.4-9.4-24.6 0-33.9l96.4-96.4-96.4-96.4c-9.4-9.4-9.4-24.6 0-33.9L54.3 103c9.4-9.4 24.6-9.4 33.9 0l136 136c9.5 9.4 9.5 24.6.1 34z\\&quot;&gt;&lt;\\\/path&gt;&lt;\\\/svg&gt;&lt;\\\/span&gt;&quot;,&quot;show_dots&quot;:true,&quot;arrow_position&quot;:&quot;bottom&quot;,&quot;responsive&quot;:{&quot;desktop&quot;:{&quot;items&quot;:4,&quot;margin&quot;:20,&quot;breakpoint&quot;:1025},&quot;tablet&quot;:{&quot;items&quot;:4,&quot;margin&quot;:20,&quot;breakpoint&quot;:768},&quot;mobile&quot;:{&quot;items&quot;:2,&quot;margin&quot;:20,&quot;breakpoint&quot;:0}}}\"><div class=\"client-list\"><div class=\"client-track\"><div class=\"client-slider item \"><div class=\"image-list\"><div class=\"content-image\"><img fetchpriority=\"high\" decoding=\"async\" width=\"350\" height=\"157\" src=\"https:\/\/lacbrome.kracmedia.com\/wp-content\/uploads\/2025\/03\/logo-cal-2021.webp\" class=\"main-image\" alt=\"Monsta\" url=\"https:\/\/lacbrome.kracmedia.com\/wp-content\/uploads\/2025\/03\/logo-cal-2021.webp\" source=\"library\" srcset=\"https:\/\/lacbrome.kracmedia.com\/wp-content\/uploads\/2025\/03\/logo-cal-2021.webp 350w, https:\/\/lacbrome.kracmedia.com\/wp-content\/uploads\/2025\/03\/logo-cal-2021-300x135.webp 300w\" sizes=\"(max-width: 350px) 100vw, 350px\" \/><\/div><\/div><\/div><div class=\"client-slider item \"><div class=\"image-list\"><div class=\"content-image\"><img decoding=\"async\" width=\"600\" height=\"434\" src=\"https:\/\/lacbrome.kracmedia.com\/wp-content\/uploads\/2025\/03\/IDOLEM_logo2023_Officiel_Noir-600x434-1.webp\" class=\"main-image\" alt=\"Monsta\" url=\"https:\/\/lacbrome.kracmedia.com\/wp-content\/uploads\/2025\/03\/IDOLEM_logo2023_Officiel_Noir-600x434-1.webp\" source=\"library\" srcset=\"https:\/\/lacbrome.kracmedia.com\/wp-content\/uploads\/2025\/03\/IDOLEM_logo2023_Officiel_Noir-600x434-1.webp 600w, https:\/\/lacbrome.kracmedia.com\/wp-content\/uploads\/2025\/03\/IDOLEM_logo2023_Officiel_Noir-600x434-1-300x217.webp 300w\" sizes=\"(max-width: 600px) 100vw, 600px\" \/><\/div><\/div><\/div><div class=\"client-slider item \"><div class=\"image-list\"><div class=\"content-image\"><img decoding=\"async\" width=\"600\" height=\"360\" src=\"https:\/\/lacbrome.kracmedia.com\/wp-content\/uploads\/2025\/03\/SPEK-logo-typo-600x360-1.webp\" class=\"main-image\" alt=\"Monsta\" url=\"https:\/\/lacbrome.kracmedia.com\/wp-content\/uploads\/2025\/03\/SPEK-logo-typo-600x360-1.webp\" source=\"library\" srcset=\"https:\/\/lacbrome.kracmedia.com\/wp-content\/uploads\/2025\/03\/SPEK-logo-typo-600x360-1.webp 600w, https:\/\/lacbrome.kracmedia.com\/wp-content\/uploads\/2025\/03\/SPEK-logo-typo-600x360-1-300x180.webp 300w\" sizes=\"(max-width: 600px) 100vw, 600px\" \/><\/div><\/div><\/div><div class=\"client-slider item \"><div class=\"image-list\"><div class=\"content-image\"><img loading=\"lazy\" decoding=\"async\" width=\"600\" height=\"324\" src=\"https:\/\/lacbrome.kracmedia.com\/wp-content\/uploads\/2025\/03\/20190612_104328-1-600x324-1.webp\" class=\"main-image\" alt=\"Monsta\" url=\"https:\/\/lacbrome.kracmedia.com\/wp-content\/uploads\/2025\/03\/20190612_104328-1-600x324-1.webp\" source=\"library\" srcset=\"https:\/\/lacbrome.kracmedia.com\/wp-content\/uploads\/2025\/03\/20190612_104328-1-600x324-1.webp 600w, https:\/\/lacbrome.kracmedia.com\/wp-content\/uploads\/2025\/03\/20190612_104328-1-600x324-1-300x162.webp 300w\" sizes=\"(max-width: 600px) 100vw, 600px\" \/><\/div><\/div><\/div><div class=\"client-slider item \"><div class=\"image-list\"><div class=\"content-image\"><img loading=\"lazy\" decoding=\"async\" width=\"600\" height=\"326\" src=\"https:\/\/lacbrome.kracmedia.com\/wp-content\/uploads\/2025\/03\/Creation-sans-titre-2025-03-06T100700.468-e1741273691372-600x326-1.webp\" class=\"main-image\" alt=\"Monsta\" url=\"https:\/\/lacbrome.kracmedia.com\/wp-content\/uploads\/2025\/03\/Creation-sans-titre-2025-03-06T100700.468-e1741273691372-600x326-1.webp\" source=\"library\" srcset=\"https:\/\/lacbrome.kracmedia.com\/wp-content\/uploads\/2025\/03\/Creation-sans-titre-2025-03-06T100700.468-e1741273691372-600x326-1.webp 600w, https:\/\/lacbrome.kracmedia.com\/wp-content\/uploads\/2025\/03\/Creation-sans-titre-2025-03-06T100700.468-e1741273691372-600x326-1-300x163.webp 300w\" sizes=\"(max-width: 600px) 100vw, 600px\" \/><\/div><\/div><\/div><div class=\"client-slider item \"><div class=\"image-list\"><div class=\"content-image\"><img loading=\"lazy\" decoding=\"async\" width=\"600\" height=\"130\" src=\"https:\/\/lacbrome.kracmedia.com\/wp-content\/uploads\/2025\/03\/Logo_du_le_gouvernement_du_Quebec.svg-2-600x130-1.webp\" class=\"main-image\" alt=\"Monsta\" url=\"https:\/\/lacbrome.kracmedia.com\/wp-content\/uploads\/2025\/03\/Logo_du_le_gouvernement_du_Quebec.svg-2-600x130-1.webp\" source=\"library\" srcset=\"https:\/\/lacbrome.kracmedia.com\/wp-content\/uploads\/2025\/03\/Logo_du_le_gouvernement_du_Quebec.svg-2-600x130-1.webp 600w, https:\/\/lacbrome.kracmedia.com\/wp-content\/uploads\/2025\/03\/Logo_du_le_gouvernement_du_Quebec.svg-2-600x130-1-300x65.webp 300w\" sizes=\"(max-width: 600px) 100vw, 600px\" \/><\/div><\/div><\/div><div class=\"client-slider item \"><div class=\"image-list\"><div class=\"content-image\"><img loading=\"lazy\" decoding=\"async\" width=\"202\" height=\"150\" src=\"https:\/\/lacbrome.kracmedia.com\/wp-content\/uploads\/2025\/03\/150_ville_lac_brome_partenaire_tour_du_lac_brome.webp\" class=\"main-image\" alt=\"Monsta\" url=\"https:\/\/lacbrome.kracmedia.com\/wp-content\/uploads\/2025\/03\/150_ville_lac_brome_partenaire_tour_du_lac_brome.webp\" source=\"library\" \/><\/div><\/div><\/div><div class=\"client-slider item \"><div class=\"image-list\"><div class=\"content-image\"><img loading=\"lazy\" decoding=\"async\" width=\"600\" height=\"145\" src=\"https:\/\/lacbrome.kracmedia.com\/wp-content\/uploads\/2025\/03\/SL_CLR_RGB-600x145-1.webp\" class=\"main-image\" alt=\"Monsta\" url=\"https:\/\/lacbrome.kracmedia.com\/wp-content\/uploads\/2025\/03\/SL_CLR_RGB-600x145-1.webp\" source=\"library\" srcset=\"https:\/\/lacbrome.kracmedia.com\/wp-content\/uploads\/2025\/03\/SL_CLR_RGB-600x145-1.webp 600w, https:\/\/lacbrome.kracmedia.com\/wp-content\/uploads\/2025\/03\/SL_CLR_RGB-600x145-1-300x73.webp 300w\" sizes=\"(max-width: 600px) 100vw, 600px\" \/><\/div><\/div><\/div><div class=\"client-slider item \"><div class=\"image-list\"><div class=\"content-image\"><img loading=\"lazy\" decoding=\"async\" width=\"600\" height=\"316\" src=\"https:\/\/lacbrome.kracmedia.com\/wp-content\/uploads\/2025\/03\/Logo-Courses-Thematiques-Sunlife_COUL-12-600x316-1.webp\" class=\"main-image\" alt=\"Monsta\" url=\"https:\/\/lacbrome.kracmedia.com\/wp-content\/uploads\/2025\/03\/Logo-Courses-Thematiques-Sunlife_COUL-12-600x316-1.webp\" source=\"library\" srcset=\"https:\/\/lacbrome.kracmedia.com\/wp-content\/uploads\/2025\/03\/Logo-Courses-Thematiques-Sunlife_COUL-12-600x316-1.webp 600w, https:\/\/lacbrome.kracmedia.com\/wp-content\/uploads\/2025\/03\/Logo-Courses-Thematiques-Sunlife_COUL-12-600x316-1-300x158.webp 300w\" sizes=\"(max-width: 600px) 100vw, 600px\" \/><\/div><\/div><\/div><div class=\"client-slider item \"><div class=\"image-list\"><div class=\"content-image\"><img loading=\"lazy\" decoding=\"async\" width=\"600\" height=\"228\" src=\"https:\/\/lacbrome.kracmedia.com\/wp-content\/uploads\/2025\/03\/Signature_laiterie_coaticook-1-600x228-1.webp\" class=\"main-image\" alt=\"Monsta\" url=\"https:\/\/lacbrome.kracmedia.com\/wp-content\/uploads\/2025\/03\/Signature_laiterie_coaticook-1-600x228-1.webp\" source=\"library\" srcset=\"https:\/\/lacbrome.kracmedia.com\/wp-content\/uploads\/2025\/03\/Signature_laiterie_coaticook-1-600x228-1.webp 600w, https:\/\/lacbrome.kracmedia.com\/wp-content\/uploads\/2025\/03\/Signature_laiterie_coaticook-1-600x228-1-300x114.webp 300w\" sizes=\"(max-width: 600px) 100vw, 600px\" \/><\/div><\/div><\/div><div class=\"client-slider item \"><div class=\"image-list\"><div class=\"content-image\"><img loading=\"lazy\" decoding=\"async\" width=\"150\" height=\"150\" src=\"https:\/\/lacbrome.kracmedia.com\/wp-content\/uploads\/2025\/03\/150_liberte_partenaire_tour_du_lac_brome.webp\" class=\"main-image\" alt=\"Monsta\" url=\"https:\/\/lacbrome.kracmedia.com\/wp-content\/uploads\/2025\/03\/150_liberte_partenaire_tour_du_lac_brome.webp\" source=\"library\" \/><\/div><\/div><\/div><div class=\"client-slider item \"><div class=\"image-list\"><div class=\"content-image\"><img loading=\"lazy\" decoding=\"async\" width=\"121\" height=\"150\" src=\"https:\/\/lacbrome.kracmedia.com\/wp-content\/uploads\/2025\/03\/150_m105_partenaire_tour_du_lac_brome.webp\" class=\"main-image\" alt=\"Monsta\" url=\"https:\/\/lacbrome.kracmedia.com\/wp-content\/uploads\/2025\/03\/150_m105_partenaire_tour_du_lac_brome.webp\" source=\"library\" \/><\/div><\/div><\/div><\/div><\/div><\/div>\t\t\t\t<\/div>\n\t\t\t\t<\/div>\n\t\t\t\t\t<\/div>\n\t\t<\/div>\n\t\t\t\t\t<\/div>\n\t\t<\/section>\n\t\t\t\t<section class=\"elementor-section elementor-top-section elementor-element elementor-element-29afe613 elementor-section-boxed elementor-section-height-default elementor-section-height-default\" data-id=\"29afe613\" data-element_type=\"section\">\n\t\t\t\t\t\t\t<div class=\"elementor-background-overlay\"><\/div>\n\t\t\t\t\t\t\t<div class=\"elementor-container elementor-column-gap-no\">\n\t\t\t\t\t<div class=\"elementor-column elementor-col-50 elementor-top-column elementor-element elementor-element-413556f8\" data-id=\"413556f8\" data-element_type=\"column\">\n\t\t\t<div class=\"elementor-widget-wrap elementor-element-populated\">\n\t\t\t\t\t\t<div class=\"elementor-element elementor-element-1fe1c8d4 elementor-widget elementor-widget-jkit_heading\" data-id=\"1fe1c8d4\" data-element_type=\"widget\" data-widget_type=\"jkit_heading.default\">\n\t\t\t\t<div class=\"elementor-widget-container\">\n\t\t\t\t\t<div  class=\"jeg-elementor-kit jkit-heading  align- align-tablet- align-mobile- jeg_module__2_6a051434aa738\" ><div class=\"heading-section-title  display-inline-block\"><h2 class=\"heading-title\">En savoir plus<\/h2><\/div><div class=\"heading-section-separator\"><div class=\"separator-wrapper style-solid\"><\/div><\/div><\/div>\t\t\t\t<\/div>\n\t\t\t\t<\/div>\n\t\t\t\t<div class=\"elementor-element elementor-element-2390df05 elementor-widget elementor-widget-text-editor\" data-id=\"2390df05\" data-element_type=\"widget\" data-widget_type=\"text-editor.default\">\n\t\t\t\t<div class=\"elementor-widget-container\">\n\t\t\t\t\t\t\t\t\t<p>Le Tour du Lac Brome Sun Life b\u00e9n\u00e9ficie de l\u2019aide de plusieurs partenaires pour r\u00e9aliser sa mission.<\/p><p>Le partenariat c\u2019est tout d\u2019abord un projet solidaire construit sur des int\u00e9r\u00eats mutuels: Souci de vous int\u00e9grer dans le tissu local, dynamisme, diffuser une image positive de votre entreprise autour de valeurs fortes, publicit\u00e9.<\/p><p>Ceci augmentera votre notori\u00e9t\u00e9 aupr\u00e8s des coureurs et de leur famille car cette course sera m\u00e9diatis\u00e9e avec: Des d\u00e9pliants et affiches, de nombreuses publications sur les r\u00e9seaux sociaux, des annonces sur la radio M105, la parution de l\u2019\u00e9v\u00e9nement dans des revues sp\u00e9cialis\u00e9es sportives, des banderoles, tentes sur le lieu de la course.<\/p>\t\t\t\t\t\t\t\t<\/div>\n\t\t\t\t<\/div>\n\t\t\t\t<div class=\"elementor-element elementor-element-a3d5b40 elementor-widget elementor-widget-heading\" data-id=\"a3d5b40\" data-element_type=\"widget\" data-widget_type=\"heading.default\">\n\t\t\t\t<div class=\"elementor-widget-container\">\n\t\t\t\t\t<h2 class=\"elementor-heading-title elementor-size-default\">Besoin d'information?<\/h2>\t\t\t\t<\/div>\n\t\t\t\t<\/div>\n\t\t\t\t<div class=\"elementor-element elementor-element-78d0a8d elementor-widget__width-auto elementor-widget elementor-widget-jkit_button\" data-id=\"78d0a8d\" data-element_type=\"widget\" data-widget_type=\"jkit_button.default\">\n\t\t\t\t<div class=\"elementor-widget-container\">\n\t\t\t\t\t<div  class=\"jeg-elementor-kit jkit-button  icon-position-before jeg_module__3_6a051434ab8cb\" ><a href=\"mailto:%20info@coursesthematiques.com\" class=\"jkit-button-wrapper\"> info@coursesthematiques.com<\/a><\/div>\t\t\t\t<\/div>\n\t\t\t\t<\/div>\n\t\t\t\t\t<\/div>\n\t\t<\/div>\n\t\t\t\t<div class=\"elementor-column elementor-col-50 elementor-top-column elementor-element elementor-element-71cb2f29\" data-id=\"71cb2f29\" data-element_type=\"column\" data-settings=\"{&quot;background_background&quot;:&quot;classic&quot;}\">\n\t\t\t<div class=\"elementor-widget-wrap\">\n\t\t\t\t\t\t\t<\/div>\n\t\t<\/div>\n\t\t\t\t\t<\/div>\n\t\t<\/section>\n\t\t\t\t<\/div>\n\t\t","protected":false},"excerpt":{"rendered":"<p>Nos Partenaires En savoir plus Le Tour du Lac Brome Sun Life b\u00e9n\u00e9ficie de l\u2019aide de plusieurs partenaires pour r\u00e9aliser sa mission. Le partenariat c\u2019est tout d\u2019abord un projet solidaire construit sur des int\u00e9r\u00eats mutuels: Souci de vous int\u00e9grer dans le tissu local, dynamisme, diffuser une image positive de votre entreprise autour de valeurs fortes, [&hellip;]<\/p>\n","protected":false},"author":1,"featured_media":0,"parent":0,"menu_order":0,"comment_status":"closed","ping_status":"closed","template":"elementor_header_footer","meta":{"footnotes":""},"class_list":["post-163","page","type-page","status-publish","hentry"],"_links":{"self":[{"href":"https:\/\/lacbrome.kracmedia.com\/index.php\/wp-json\/wp\/v2\/pages\/163","targetHints":{"allow":["GET"]}}],"collection":[{"href":"https:\/\/lacbrome.kracmedia.com\/index.php\/wp-json\/wp\/v2\/pages"}],"about":[{"href":"https:\/\/lacbrome.kracmedia.com\/index.php\/wp-json\/wp\/v2\/types\/page"}],"author":[{"embeddable":true,"href":"https:\/\/lacbrome.kracmedia.com\/index.php\/wp-json\/wp\/v2\/users\/1"}],"replies":[{"embeddable":true,"href":"https:\/\/lacbrome.kracmedia.com\/index.php\/wp-json\/wp\/v2\/comments?post=163"}],"version-history":[{"count":31,"href":"https:\/\/lacbrome.kracmedia.com\/index.php\/wp-json\/wp\/v2\/pages\/163\/revisions"}],"predecessor-version":[{"id":300,"href":"https:\/\/lacbrome.kracmedia.com\/index.php\/wp-json\/wp\/v2\/pages\/163\/revisions\/300"}],"wp:attachment":[{"href":"https:\/\/lacbrome.kracmedia.com\/index.php\/wp-json\/wp\/v2\/media?parent=163"}],"curies":[{"name":"wp","href":"https:\/\/api.w.org\/{rel}","templated":true}]}}