{"id":194,"date":"2025-03-25T23:20:05","date_gmt":"2025-03-25T23:20:05","guid":{"rendered":"https:\/\/lacbrome.kracmedia.com\/?page_id=194"},"modified":"2025-03-25T23:27:05","modified_gmt":"2025-03-25T23:27:05","slug":"devenir-exposants","status":"publish","type":"page","link":"https:\/\/lacbrome.kracmedia.com\/index.php\/devenir-exposants\/","title":{"rendered":"Devenir Exposants"},"content":{"rendered":"\t\t<div data-elementor-type=\"wp-page\" data-elementor-id=\"194\" class=\"elementor elementor-194\" data-elementor-post-type=\"page\">\n\t\t\t\t\t\t<section class=\"elementor-section elementor-top-section elementor-element elementor-element-37767e5a elementor-section-boxed elementor-section-height-default elementor-section-height-default\" data-id=\"37767e5a\" data-element_type=\"section\" data-settings=\"{&quot;background_background&quot;:&quot;classic&quot;}\">\n\t\t\t\t\t\t\t<div class=\"elementor-background-overlay\"><\/div>\n\t\t\t\t\t\t\t<div class=\"elementor-container elementor-column-gap-no\">\n\t\t\t\t\t<div class=\"elementor-column elementor-col-100 elementor-top-column elementor-element elementor-element-32729bab\" data-id=\"32729bab\" data-element_type=\"column\">\n\t\t\t<div class=\"elementor-widget-wrap elementor-element-populated\">\n\t\t\t\t\t\t<div class=\"elementor-element elementor-element-620567e9 elementor-widget elementor-widget-jkit_heading\" data-id=\"620567e9\" data-element_type=\"widget\" data-widget_type=\"jkit_heading.default\">\n\t\t\t\t<div class=\"elementor-widget-container\">\n\t\t\t\t\t<div  class=\"jeg-elementor-kit jkit-heading  align-center align-tablet-center align-mobile-center jeg_module___6a05140034936\" ><div class=\"heading-section-title  display-inline-block\"><h2 class=\"heading-title\">Comment devenir Exposant?<\/h2><\/div><div class=\"heading-section-separator\"><div class=\"separator-wrapper style-solid\"><\/div><\/div><\/div>\t\t\t\t<\/div>\n\t\t\t\t<\/div>\n\t\t\t\t\t<\/div>\n\t\t<\/div>\n\t\t\t\t\t<\/div>\n\t\t<\/section>\n\t\t\t\t<section class=\"elementor-section elementor-top-section elementor-element elementor-element-4f1d442f elementor-section-boxed elementor-section-height-default elementor-section-height-default\" data-id=\"4f1d442f\" data-element_type=\"section\">\n\t\t\t\t\t\t\t<div class=\"elementor-background-overlay\"><\/div>\n\t\t\t\t\t\t\t<div class=\"elementor-container elementor-column-gap-no\">\n\t\t\t\t\t<div class=\"elementor-column elementor-col-50 elementor-top-column elementor-element elementor-element-52c06b95\" data-id=\"52c06b95\" data-element_type=\"column\">\n\t\t\t<div class=\"elementor-widget-wrap elementor-element-populated\">\n\t\t\t\t\t\t<div class=\"elementor-element elementor-element-66ad749e elementor-widget elementor-widget-jkit_heading\" data-id=\"66ad749e\" data-element_type=\"widget\" data-widget_type=\"jkit_heading.default\">\n\t\t\t\t<div class=\"elementor-widget-container\">\n\t\t\t\t\t<div  class=\"jeg-elementor-kit jkit-heading  align- align-tablet- align-mobile- jeg_module__1_6a05140034da7\" ><div class=\"heading-section-title  display-inline-block\"><h2 class=\"heading-title\">Guide des exposants - Tour du Lac Brome Sun Life<\/h2><\/div><div class=\"heading-section-separator\"><div class=\"separator-wrapper style-solid\"><\/div><\/div><\/div>\t\t\t\t<\/div>\n\t\t\t\t<\/div>\n\t\t\t\t<div class=\"elementor-element elementor-element-57871c85 elementor-widget elementor-widget-text-editor\" data-id=\"57871c85\" data-element_type=\"widget\" data-widget_type=\"text-editor.default\">\n\t\t\t\t<div class=\"elementor-widget-container\">\n\t\t\t\t\t\t\t\t\t<p>Nous avons le plaisir de vous accueillir pour cette \u00e9dition du Tour du Lac Brome Sun Life!<\/p><p>Cet \u00e9v\u00e9nement sportif, b\u00e9n\u00e9ficiant d\u2019un parcours unique ainsi que d\u2019une ambiance festive et conviviale, attire annuellement des milliers de participants provenant de partout en province.<\/p><p>C\u2019est au c\u0153ur des plus beaux paysages de l\u2019Estrie que se d\u00e9roulera la course \u00e0 pied la plus importante de la r\u00e9gion.<\/p><p>Une zone achaland\u00e9e sera r\u00e9serv\u00e9e pour les exposants, les participants pourront donc circuler parmi les kiosques.<\/p><p>Gr\u00e2ce \u00e0 la popularit\u00e9 et la notori\u00e9t\u00e9 de la course, vous b\u00e9n\u00e9ficierez d\u2019une visibilit\u00e9, et ce,<\/p><p>durant toute une fin de semaine pour pr\u00e9senter vos produits et vous faire conna\u00eetre aupr\u00e8s des nombreux visiteurs du Tour.<\/p>\t\t\t\t\t\t\t\t<\/div>\n\t\t\t\t<\/div>\n\t\t\t\t<div class=\"elementor-element elementor-element-835fd61 elementor-widget elementor-widget-heading\" data-id=\"835fd61\" data-element_type=\"widget\" data-widget_type=\"heading.default\">\n\t\t\t\t<div class=\"elementor-widget-container\">\n\t\t\t\t\t<h2 class=\"elementor-heading-title elementor-size-default\">Besoin d'information?<\/h2>\t\t\t\t<\/div>\n\t\t\t\t<\/div>\n\t\t\t\t<div class=\"elementor-element elementor-element-17dc8e0 elementor-widget__width-auto elementor-widget elementor-widget-jkit_button\" data-id=\"17dc8e0\" data-element_type=\"widget\" data-widget_type=\"jkit_button.default\">\n\t\t\t\t<div class=\"elementor-widget-container\">\n\t\t\t\t\t<div  class=\"jeg-elementor-kit jkit-button  icon-position-before jeg_module__2_6a05140036230\" ><a href=\"mailto:%20info@coursesthematiques.com\" class=\"jkit-button-wrapper\"> info@coursesthematiques.com<\/a><\/div>\t\t\t\t<\/div>\n\t\t\t\t<\/div>\n\t\t\t\t\t<\/div>\n\t\t<\/div>\n\t\t\t\t<div class=\"elementor-column elementor-col-50 elementor-top-column elementor-element elementor-element-350e18f5\" data-id=\"350e18f5\" data-element_type=\"column\" data-settings=\"{&quot;background_background&quot;:&quot;classic&quot;}\">\n\t\t\t<div class=\"elementor-widget-wrap\">\n\t\t\t\t\t\t\t<\/div>\n\t\t<\/div>\n\t\t\t\t\t<\/div>\n\t\t<\/section>\n\t\t\t\t<\/div>\n\t\t","protected":false},"excerpt":{"rendered":"<p>Comment devenir Exposant? Guide des exposants &#8211; Tour du Lac Brome Sun Life Nous avons le plaisir de vous accueillir pour cette \u00e9dition du Tour du Lac Brome Sun Life! Cet \u00e9v\u00e9nement sportif, b\u00e9n\u00e9ficiant d\u2019un parcours unique ainsi que d\u2019une ambiance festive et conviviale, attire annuellement des milliers de participants provenant de partout en province. [&hellip;]<\/p>\n","protected":false},"author":1,"featured_media":0,"parent":0,"menu_order":0,"comment_status":"closed","ping_status":"closed","template":"elementor_header_footer","meta":{"footnotes":""},"class_list":["post-194","page","type-page","status-publish","hentry"],"_links":{"self":[{"href":"https:\/\/lacbrome.kracmedia.com\/index.php\/wp-json\/wp\/v2\/pages\/194","targetHints":{"allow":["GET"]}}],"collection":[{"href":"https:\/\/lacbrome.kracmedia.com\/index.php\/wp-json\/wp\/v2\/pages"}],"about":[{"href":"https:\/\/lacbrome.kracmedia.com\/index.php\/wp-json\/wp\/v2\/types\/page"}],"author":[{"embeddable":true,"href":"https:\/\/lacbrome.kracmedia.com\/index.php\/wp-json\/wp\/v2\/users\/1"}],"replies":[{"embeddable":true,"href":"https:\/\/lacbrome.kracmedia.com\/index.php\/wp-json\/wp\/v2\/comments?post=194"}],"version-history":[{"count":7,"href":"https:\/\/lacbrome.kracmedia.com\/index.php\/wp-json\/wp\/v2\/pages\/194\/revisions"}],"predecessor-version":[{"id":203,"href":"https:\/\/lacbrome.kracmedia.com\/index.php\/wp-json\/wp\/v2\/pages\/194\/revisions\/203"}],"wp:attachment":[{"href":"https:\/\/lacbrome.kracmedia.com\/index.php\/wp-json\/wp\/v2\/media?parent=194"}],"curies":[{"name":"wp","href":"https:\/\/api.w.org\/{rel}","templated":true}]}}