{"id":209,"date":"2025-03-25T23:29:59","date_gmt":"2025-03-25T23:29:59","guid":{"rendered":"https:\/\/lacbrome.kracmedia.com\/?page_id=209"},"modified":"2025-03-25T23:48:28","modified_gmt":"2025-03-25T23:48:28","slug":"hebergement","status":"publish","type":"page","link":"https:\/\/lacbrome.kracmedia.com\/index.php\/hebergement\/","title":{"rendered":"H\u00e9bergement"},"content":{"rendered":"\t\t<div data-elementor-type=\"wp-page\" data-elementor-id=\"209\" class=\"elementor elementor-209\" data-elementor-post-type=\"page\">\n\t\t\t\t\t\t<section class=\"elementor-section elementor-top-section elementor-element elementor-element-141066c4 elementor-section-boxed elementor-section-height-default elementor-section-height-default\" data-id=\"141066c4\" data-element_type=\"section\" data-settings=\"{&quot;background_background&quot;:&quot;classic&quot;}\">\n\t\t\t\t\t\t\t<div class=\"elementor-background-overlay\"><\/div>\n\t\t\t\t\t\t\t<div class=\"elementor-container elementor-column-gap-no\">\n\t\t\t\t\t<div class=\"elementor-column elementor-col-100 elementor-top-column elementor-element elementor-element-10b71df3\" data-id=\"10b71df3\" data-element_type=\"column\">\n\t\t\t<div class=\"elementor-widget-wrap elementor-element-populated\">\n\t\t\t\t\t\t<div class=\"elementor-element elementor-element-3322db7e elementor-widget elementor-widget-jkit_heading\" data-id=\"3322db7e\" data-element_type=\"widget\" data-widget_type=\"jkit_heading.default\">\n\t\t\t\t<div class=\"elementor-widget-container\">\n\t\t\t\t\t<div  class=\"jeg-elementor-kit jkit-heading  align-center align-tablet-center align-mobile-center jeg_module___6a0516a280ff7\" ><div class=\"heading-section-title  display-inline-block\"><h2 class=\"heading-title\">H\u00e9bergement<\/h2><\/div><div class=\"heading-section-separator\"><div class=\"separator-wrapper style-solid\"><\/div><\/div><\/div>\t\t\t\t<\/div>\n\t\t\t\t<\/div>\n\t\t\t\t\t<\/div>\n\t\t<\/div>\n\t\t\t\t\t<\/div>\n\t\t<\/section>\n\t\t\t\t<section class=\"elementor-section elementor-top-section elementor-element elementor-element-3ae5be8d elementor-section-boxed elementor-section-height-default elementor-section-height-default\" data-id=\"3ae5be8d\" data-element_type=\"section\" data-settings=\"{&quot;background_background&quot;:&quot;classic&quot;}\">\n\t\t\t\t\t\t<div class=\"elementor-container elementor-column-gap-no\">\n\t\t\t\t\t<div class=\"elementor-column elementor-col-100 elementor-top-column elementor-element elementor-element-2c935c65\" data-id=\"2c935c65\" data-element_type=\"column\" data-settings=\"{&quot;background_background&quot;:&quot;classic&quot;}\">\n\t\t\t<div class=\"elementor-widget-wrap elementor-element-populated\">\n\t\t\t\t\t<div class=\"elementor-background-overlay\"><\/div>\n\t\t\t\t\t\t<div class=\"elementor-element elementor-element-cc304a0 elementor-widget elementor-widget-jkit_heading\" data-id=\"cc304a0\" data-element_type=\"widget\" data-widget_type=\"jkit_heading.default\">\n\t\t\t\t<div class=\"elementor-widget-container\">\n\t\t\t\t\t<div  class=\"jeg-elementor-kit jkit-heading  align- align-tablet- align-mobile- jeg_module__1_6a0516a28147b\" ><div class=\"heading-section-title  display-inline-block\"><h2 class=\"heading-title\">Nos Suggestions <\/h2><\/div><div class=\"heading-section-separator\"><div class=\"separator-wrapper style-solid\"><\/div><\/div><\/div>\t\t\t\t<\/div>\n\t\t\t\t<\/div>\n\t\t\t\t<section class=\"elementor-section elementor-inner-section elementor-element elementor-element-2f0538a5 elementor-section-boxed elementor-section-height-default elementor-section-height-default\" data-id=\"2f0538a5\" data-element_type=\"section\">\n\t\t\t\t\t\t<div class=\"elementor-container elementor-column-gap-no\">\n\t\t\t\t\t<div class=\"elementor-column elementor-col-33 elementor-inner-column elementor-element elementor-element-147da9c0\" data-id=\"147da9c0\" data-element_type=\"column\">\n\t\t\t<div class=\"elementor-widget-wrap elementor-element-populated\">\n\t\t\t\t\t\t<div class=\"elementor-element elementor-element-3bae93c3 jkit-equal-height-disable elementor-widget elementor-widget-jkit_image_box\" data-id=\"3bae93c3\" data-element_type=\"widget\" data-widget_type=\"jkit_image_box.default\">\n\t\t\t\t<div class=\"elementor-widget-container\">\n\t\t\t\t\t<div  class=\"jeg-elementor-kit jkit-image-box style-default elementor-animation- jeg_module__2_6a0516a2826cb\" ><div class=\"image-box-header elementor-animation-\"><img fetchpriority=\"high\" decoding=\"async\" width=\"800\" height=\"534\" src=\"https:\/\/lacbrome.kracmedia.com\/wp-content\/uploads\/2025\/03\/chambre-privee-2-lit-simples-avec-salle-de-bain-partagee-1.webp\" class=\"attachment-large size-large\" alt=\"\" url=\"https:\/\/lacbrome.kracmedia.com\/wp-content\/uploads\/2025\/03\/chambre-privee-2-lit-simples-avec-salle-de-bain-partagee-1.webp\" source=\"library\" srcset=\"https:\/\/lacbrome.kracmedia.com\/wp-content\/uploads\/2025\/03\/chambre-privee-2-lit-simples-avec-salle-de-bain-partagee-1.webp 1024w, https:\/\/lacbrome.kracmedia.com\/wp-content\/uploads\/2025\/03\/chambre-privee-2-lit-simples-avec-salle-de-bain-partagee-1-300x200.webp 300w, https:\/\/lacbrome.kracmedia.com\/wp-content\/uploads\/2025\/03\/chambre-privee-2-lit-simples-avec-salle-de-bain-partagee-1-768x513.webp 768w\" sizes=\"(max-width: 800px) 100vw, 800px\" \/><\/div><div class=\"image-box-body\">\n            <div class=\"body-inner\"><h2 class=\"body-title icon-position-before\">Villa de Brome<\/h2>\n                <div class=\"body-description\"><p>Centre de vacances et de retraites spirituelles, qui est situ\u00e9 au Lac Brome \u00e0 5 minutes du Parc des Lions, offre des chambres en location.<\/p><\/div>\n                <div class=\"body-button\"><div class=\"button-box icon-position-before\"><div class=\"button-wrapper\"><a href=\"https:\/\/villadebrome.com\/\">EN SAVOIR PLUS<\/a><\/div><\/div><\/div>\n                \n            <\/div>\n        <\/div><\/div>\t\t\t\t<\/div>\n\t\t\t\t<\/div>\n\t\t\t\t\t<\/div>\n\t\t<\/div>\n\t\t\t\t<div class=\"elementor-column elementor-col-33 elementor-inner-column elementor-element elementor-element-f2e54b1\" data-id=\"f2e54b1\" data-element_type=\"column\">\n\t\t\t<div class=\"elementor-widget-wrap elementor-element-populated\">\n\t\t\t\t\t\t<div class=\"elementor-element elementor-element-0a96afe jkit-equal-height-disable elementor-widget elementor-widget-jkit_image_box\" data-id=\"0a96afe\" data-element_type=\"widget\" data-widget_type=\"jkit_image_box.default\">\n\t\t\t\t<div class=\"elementor-widget-container\">\n\t\t\t\t\t<div  class=\"jeg-elementor-kit jkit-image-box style-default elementor-animation- jeg_module__3_6a0516a282bfa\" ><div class=\"image-box-header elementor-animation-\"><img decoding=\"async\" width=\"800\" height=\"534\" src=\"https:\/\/lacbrome.kracmedia.com\/wp-content\/uploads\/2025\/03\/7b630776aa005c636e12efa592166acc2057a4d4.jpg\" class=\"attachment-large size-large\" alt=\"\" url=\"https:\/\/lacbrome.kracmedia.com\/wp-content\/uploads\/2025\/03\/7b630776aa005c636e12efa592166acc2057a4d4.jpg\" source=\"library\" srcset=\"https:\/\/lacbrome.kracmedia.com\/wp-content\/uploads\/2025\/03\/7b630776aa005c636e12efa592166acc2057a4d4.jpg 940w, https:\/\/lacbrome.kracmedia.com\/wp-content\/uploads\/2025\/03\/7b630776aa005c636e12efa592166acc2057a4d4-300x200.jpg 300w, https:\/\/lacbrome.kracmedia.com\/wp-content\/uploads\/2025\/03\/7b630776aa005c636e12efa592166acc2057a4d4-768x512.jpg 768w\" sizes=\"(max-width: 800px) 100vw, 800px\" \/><\/div><div class=\"image-box-body\">\n            <div class=\"body-inner\"><h2 class=\"body-title icon-position-before\">Le St-Martin Bromont<\/h2>\n                <div class=\"body-description\"><p>H\u00e9bergement quatre \u00e9toiles situ\u00e9 \u00e0\u00a0Bromont\u00a0dans les Cantons-de-l\u2019est. Chambres standards et suites.<\/p><\/div>\n                <div class=\"body-button\"><div class=\"button-box icon-position-before\"><div class=\"button-wrapper\"><a href=\"http:\/\/www.lestmartinbromont.com\/\">EN SAVOIR PLUS<\/a><\/div><\/div><\/div>\n                \n            <\/div>\n        <\/div><\/div>\t\t\t\t<\/div>\n\t\t\t\t<\/div>\n\t\t\t\t\t<\/div>\n\t\t<\/div>\n\t\t\t\t<div class=\"elementor-column elementor-col-33 elementor-inner-column elementor-element elementor-element-43c361f\" data-id=\"43c361f\" data-element_type=\"column\">\n\t\t\t<div class=\"elementor-widget-wrap elementor-element-populated\">\n\t\t\t\t\t\t<div class=\"elementor-element elementor-element-46a2283 jkit-equal-height-disable elementor-widget elementor-widget-jkit_image_box\" data-id=\"46a2283\" data-element_type=\"widget\" data-widget_type=\"jkit_image_box.default\">\n\t\t\t\t<div class=\"elementor-widget-container\">\n\t\t\t\t\t<div  class=\"jeg-elementor-kit jkit-image-box style-default elementor-animation- jeg_module__4_6a0516a283088\" ><div class=\"image-box-header elementor-animation-\"><img decoding=\"async\" width=\"252\" height=\"168\" src=\"https:\/\/lacbrome.kracmedia.com\/wp-content\/uploads\/2025\/03\/unnamed.jpg\" class=\"attachment-large size-large\" alt=\"\" url=\"https:\/\/lacbrome.kracmedia.com\/wp-content\/uploads\/2025\/03\/unnamed.jpg\" source=\"library\" \/><\/div><div class=\"image-box-body\">\n            <div class=\"body-inner\"><h2 class=\"body-title icon-position-before\">H\u00f4tel Suites Lac-Brome<\/h2>\n                <div class=\"body-description\"><p>SITU\u00c9E ENTRE LES RIVES DU LAC BROME ET LA R\u00c9SERVE FAUNIQUE QUILLIAMS, LA LUXUEUSE AUBERGE LAC-BROME VOUS ACCUEILLE DANS UN D\u00c9COR SOMPTUEUX, RAFFIN\u00c9 ET \u00c9L\u00c9GANT DIGNE D\u2019UN QUATRE \u00c9TOILES URBAIN CHAMP\u00caTRE.<\/p><\/div>\n                <div class=\"body-button\"><div class=\"button-box icon-position-before\"><div class=\"button-wrapper\"><a href=\"https:\/\/www.hotelsuiteslacbrome.com\/\">EN SAVOIR PLUS<\/a><\/div><\/div><\/div>\n                \n            <\/div>\n        <\/div><\/div>\t\t\t\t<\/div>\n\t\t\t\t<\/div>\n\t\t\t\t\t<\/div>\n\t\t<\/div>\n\t\t\t\t\t<\/div>\n\t\t<\/section>\n\t\t\t\t<section class=\"elementor-section elementor-inner-section elementor-element elementor-element-6e4f2a2 elementor-section-boxed elementor-section-height-default elementor-section-height-default\" data-id=\"6e4f2a2\" data-element_type=\"section\">\n\t\t\t\t\t\t<div class=\"elementor-container elementor-column-gap-no\">\n\t\t\t\t\t<div class=\"elementor-column elementor-col-33 elementor-inner-column elementor-element elementor-element-cc48dd7\" data-id=\"cc48dd7\" data-element_type=\"column\">\n\t\t\t<div class=\"elementor-widget-wrap elementor-element-populated\">\n\t\t\t\t\t\t<div class=\"elementor-element elementor-element-ef99769 jkit-equal-height-disable elementor-widget elementor-widget-jkit_image_box\" data-id=\"ef99769\" data-element_type=\"widget\" data-widget_type=\"jkit_image_box.default\">\n\t\t\t\t<div class=\"elementor-widget-container\">\n\t\t\t\t\t<div  class=\"jeg-elementor-kit jkit-image-box style-default elementor-animation- jeg_module__5_6a0516a2834f0\" ><div class=\"image-box-header elementor-animation-\"><img loading=\"lazy\" decoding=\"async\" width=\"800\" height=\"600\" src=\"https:\/\/lacbrome.kracmedia.com\/wp-content\/uploads\/2025\/03\/16537052-fa3c-4778-b54d-35a80bd47018-scaled-1-1024x768.jpg\" class=\"attachment-large size-large\" alt=\"\" url=\"https:\/\/lacbrome.kracmedia.com\/wp-content\/uploads\/2025\/03\/16537052-fa3c-4778-b54d-35a80bd47018-scaled-1.jpg\" source=\"library\" srcset=\"https:\/\/lacbrome.kracmedia.com\/wp-content\/uploads\/2025\/03\/16537052-fa3c-4778-b54d-35a80bd47018-scaled-1-1024x768.jpg 1024w, https:\/\/lacbrome.kracmedia.com\/wp-content\/uploads\/2025\/03\/16537052-fa3c-4778-b54d-35a80bd47018-scaled-1-300x225.jpg 300w, https:\/\/lacbrome.kracmedia.com\/wp-content\/uploads\/2025\/03\/16537052-fa3c-4778-b54d-35a80bd47018-scaled-1-768x576.jpg 768w, https:\/\/lacbrome.kracmedia.com\/wp-content\/uploads\/2025\/03\/16537052-fa3c-4778-b54d-35a80bd47018-scaled-1-1536x1152.jpg 1536w, https:\/\/lacbrome.kracmedia.com\/wp-content\/uploads\/2025\/03\/16537052-fa3c-4778-b54d-35a80bd47018-scaled-1-2048x1536.jpg 2048w\" sizes=\"(max-width: 800px) 100vw, 800px\" \/><\/div><div class=\"image-box-body\">\n            <div class=\"body-inner\"><h2 class=\"body-title icon-position-before\">Camping domaines des \u00e9rables<\/h2>\n                <div class=\"body-description\"><p>LE CAMPING DOMAINE DES \u00c9RABLES EST SITU\u00c9 AUX ABORDS DU RENOMM\u00c9 LAC BROME. IL EST OUVERT TOUTE L\u2019ANN\u00c9E ET COMPTE 185 EMPLACEMENTS EN HAUTE SAISON. VENEZ DONC PASSER VOS VACANCES AVEC NOUS!<\/p><\/div>\n                <div class=\"body-button\"><div class=\"button-box icon-position-before\"><div class=\"button-wrapper\"><a href=\"https:\/\/www.cantonsdelest.com\/ou-dormir\/189\/camping-domaine-des-erables\">EN SAVOIR PLUS<\/a><\/div><\/div><\/div>\n                \n            <\/div>\n        <\/div><\/div>\t\t\t\t<\/div>\n\t\t\t\t<\/div>\n\t\t\t\t\t<\/div>\n\t\t<\/div>\n\t\t\t\t<div class=\"elementor-column elementor-col-33 elementor-inner-column elementor-element elementor-element-329aa42\" data-id=\"329aa42\" data-element_type=\"column\">\n\t\t\t<div class=\"elementor-widget-wrap elementor-element-populated\">\n\t\t\t\t\t\t<div class=\"elementor-element elementor-element-6a026b6 jkit-equal-height-disable elementor-widget elementor-widget-jkit_image_box\" data-id=\"6a026b6\" data-element_type=\"widget\" data-widget_type=\"jkit_image_box.default\">\n\t\t\t\t<div class=\"elementor-widget-container\">\n\t\t\t\t\t<div  class=\"jeg-elementor-kit jkit-image-box style-default elementor-animation- jeg_module__6_6a0516a2839a1\" ><div class=\"image-box-header elementor-animation-\"><img loading=\"lazy\" decoding=\"async\" width=\"259\" height=\"194\" src=\"https:\/\/lacbrome.kracmedia.com\/wp-content\/uploads\/2025\/03\/telechargement.jpg\" class=\"attachment-large size-large\" alt=\"\" url=\"https:\/\/lacbrome.kracmedia.com\/wp-content\/uploads\/2025\/03\/telechargement.jpg\" source=\"library\" \/><\/div><div class=\"image-box-body\">\n            <div class=\"body-inner\"><h2 class=\"body-title icon-position-before\">Auberge Table d&#039;h\u00f4te<\/h2>\n                <div class=\"body-description\"><p>SITU\u00c9E \u00c0 15 MINUTES DE KNOWLTON, AU COEUR DE LA VALL\u00c9E DU VILLAGE DE WEST BROME, L\u2019AUBERGE COMPREND CINQ CHAMBRES, CHACUNE AVEC SALLE DE BAIN PRIV\u00c9E.<\/p><\/div>\n                <div class=\"body-button\"><div class=\"button-box icon-position-before\"><div class=\"button-wrapper\"><a href=\"http:\/\/www.aubergelatabledhote.com\/\">EN SAVOIR PLUS<\/a><\/div><\/div><\/div>\n                \n            <\/div>\n        <\/div><\/div>\t\t\t\t<\/div>\n\t\t\t\t<\/div>\n\t\t\t\t\t<\/div>\n\t\t<\/div>\n\t\t\t\t<div class=\"elementor-column elementor-col-33 elementor-inner-column elementor-element elementor-element-8b4fa1a\" data-id=\"8b4fa1a\" data-element_type=\"column\">\n\t\t\t<div class=\"elementor-widget-wrap elementor-element-populated\">\n\t\t\t\t\t\t<div class=\"elementor-element elementor-element-9a1748f jkit-equal-height-disable elementor-widget elementor-widget-jkit_image_box\" data-id=\"9a1748f\" data-element_type=\"widget\" data-widget_type=\"jkit_image_box.default\">\n\t\t\t\t<div class=\"elementor-widget-container\">\n\t\t\t\t\t<div  class=\"jeg-elementor-kit jkit-image-box style-default elementor-animation- jeg_module__7_6a0516a283e1c\" ><div class=\"image-box-header elementor-animation-\"><img loading=\"lazy\" decoding=\"async\" width=\"259\" height=\"194\" src=\"https:\/\/lacbrome.kracmedia.com\/wp-content\/uploads\/2025\/03\/telechargement-1.jpg\" class=\"attachment-large size-large\" alt=\"\" url=\"https:\/\/lacbrome.kracmedia.com\/wp-content\/uploads\/2025\/03\/telechargement-1.jpg\" source=\"library\" \/><\/div><div class=\"image-box-body\">\n            <div class=\"body-inner\"><h2 class=\"body-title icon-position-before\">L&#039;ancestral Knowlton<\/h2>\n                <div class=\"body-description\"><p>L\u2019ANCESTRAL KNOWLTON B&amp;B EST UNE MAGNIFIQUE PROPRI\u00c9T\u00c9 SE TROUVANT EN PLEIN C\u0152UR D\u2019UN DES PLUS BEAUX VILLAGES DU QU\u00c9BEC (KNOWLTON), SITU\u00c9 AU LAC BROME.<\/p><\/div>\n                <div class=\"body-button\"><div class=\"button-box icon-position-before\"><div class=\"button-wrapper\"><a href=\"http:\/\/www.aubergelatabledhote.com\/\">EN SAVOIR PLUS<\/a><\/div><\/div><\/div>\n                \n            <\/div>\n        <\/div><\/div>\t\t\t\t<\/div>\n\t\t\t\t<\/div>\n\t\t\t\t\t<\/div>\n\t\t<\/div>\n\t\t\t\t\t<\/div>\n\t\t<\/section>\n\t\t\t\t<section class=\"elementor-section elementor-inner-section elementor-element elementor-element-c64b65b elementor-section-boxed elementor-section-height-default elementor-section-height-default\" data-id=\"c64b65b\" data-element_type=\"section\">\n\t\t\t\t\t\t<div class=\"elementor-container elementor-column-gap-no\">\n\t\t\t\t\t<div class=\"elementor-column elementor-col-33 elementor-inner-column elementor-element elementor-element-7f6ee9e\" data-id=\"7f6ee9e\" data-element_type=\"column\">\n\t\t\t<div class=\"elementor-widget-wrap elementor-element-populated\">\n\t\t\t\t\t\t<div class=\"elementor-element elementor-element-ddff54c jkit-equal-height-disable elementor-widget elementor-widget-jkit_image_box\" data-id=\"ddff54c\" data-element_type=\"widget\" data-widget_type=\"jkit_image_box.default\">\n\t\t\t\t<div class=\"elementor-widget-container\">\n\t\t\t\t\t<div  class=\"jeg-elementor-kit jkit-image-box style-default elementor-animation- jeg_module__8_6a0516a28428f\" ><div class=\"image-box-header elementor-animation-\"><img loading=\"lazy\" decoding=\"async\" width=\"259\" height=\"194\" src=\"https:\/\/lacbrome.kracmedia.com\/wp-content\/uploads\/2025\/03\/telechargement-2.jpg\" class=\"attachment-large size-large\" alt=\"\" url=\"https:\/\/lacbrome.kracmedia.com\/wp-content\/uploads\/2025\/03\/telechargement-2.jpg\" source=\"library\" \/><\/div><div class=\"image-box-body\">\n            <div class=\"body-inner\"><h2 class=\"body-title icon-position-before\">Domaine Jolivent<\/h2>\n                <div class=\"body-description\"><p>NOTRE SITE EXCEPTIONNEL ET R\u00c9CONFORTANT QUI S\u2019\u00c9TEND SUR PLUS DE 112 ACRES, AVEC ACC\u00c8S AU LAC BROME, EST SITU\u00c9 DANS L\u2019UNE DES PLUS BELLES R\u00c9GIONS DU QU\u00c9BEC. UN HAVRE DE PAIX, O\u00d9 CHACUN Y TROUVE SON COMPTE.<\/p><\/div>\n                <div class=\"body-button\"><div class=\"button-box icon-position-before\"><div class=\"button-wrapper\"><a href=\"https:\/\/jolivent.ca\/\">EN SAVOIR PLUS<\/a><\/div><\/div><\/div>\n                \n            <\/div>\n        <\/div><\/div>\t\t\t\t<\/div>\n\t\t\t\t<\/div>\n\t\t\t\t\t<\/div>\n\t\t<\/div>\n\t\t\t\t<div class=\"elementor-column elementor-col-33 elementor-inner-column elementor-element elementor-element-2026070\" data-id=\"2026070\" data-element_type=\"column\">\n\t\t\t<div class=\"elementor-widget-wrap\">\n\t\t\t\t\t\t\t<\/div>\n\t\t<\/div>\n\t\t\t\t<div class=\"elementor-column elementor-col-33 elementor-inner-column elementor-element elementor-element-28b1237\" data-id=\"28b1237\" data-element_type=\"column\">\n\t\t\t<div class=\"elementor-widget-wrap\">\n\t\t\t\t\t\t\t<\/div>\n\t\t<\/div>\n\t\t\t\t\t<\/div>\n\t\t<\/section>\n\t\t\t\t\t<\/div>\n\t\t<\/div>\n\t\t\t\t\t<\/div>\n\t\t<\/section>\n\t\t\t\t<\/div>\n\t\t","protected":false},"excerpt":{"rendered":"<p>Nos Suggestions Villa de Brome Centre de vacances et de retraites spirituelles, qui est situ\u00e9 au Lac Brome \u00e0 5 minutes du Parc des Lions, offre des chambres en location. EN SAVOIR PLUS Le St-Martin Bromont H\u00e9bergement quatre \u00e9toiles situ\u00e9 \u00e0\u00a0Bromont\u00a0dans les Cantons-de-l\u2019est. Chambres standards et suites. EN SAVOIR PLUS H\u00f4tel Suites Lac-Brome SITU\u00c9E ENTRE [&hellip;]<\/p>\n","protected":false},"author":1,"featured_media":0,"parent":0,"menu_order":0,"comment_status":"closed","ping_status":"closed","template":"elementor_header_footer","meta":{"footnotes":""},"class_list":["post-209","page","type-page","status-publish","hentry"],"_links":{"self":[{"href":"https:\/\/lacbrome.kracmedia.com\/index.php\/wp-json\/wp\/v2\/pages\/209","targetHints":{"allow":["GET"]}}],"collection":[{"href":"https:\/\/lacbrome.kracmedia.com\/index.php\/wp-json\/wp\/v2\/pages"}],"about":[{"href":"https:\/\/lacbrome.kracmedia.com\/index.php\/wp-json\/wp\/v2\/types\/page"}],"author":[{"embeddable":true,"href":"https:\/\/lacbrome.kracmedia.com\/index.php\/wp-json\/wp\/v2\/users\/1"}],"replies":[{"embeddable":true,"href":"https:\/\/lacbrome.kracmedia.com\/index.php\/wp-json\/wp\/v2\/comments?post=209"}],"version-history":[{"count":34,"href":"https:\/\/lacbrome.kracmedia.com\/index.php\/wp-json\/wp\/v2\/pages\/209\/revisions"}],"predecessor-version":[{"id":254,"href":"https:\/\/lacbrome.kracmedia.com\/index.php\/wp-json\/wp\/v2\/pages\/209\/revisions\/254"}],"wp:attachment":[{"href":"https:\/\/lacbrome.kracmedia.com\/index.php\/wp-json\/wp\/v2\/media?parent=209"}],"curies":[{"name":"wp","href":"https:\/\/api.w.org\/{rel}","templated":true}]}}