{"id":255,"date":"2025-03-25T23:52:02","date_gmt":"2025-03-25T23:52:02","guid":{"rendered":"https:\/\/lacbrome.kracmedia.com\/?page_id=255"},"modified":"2025-03-26T00:01:14","modified_gmt":"2025-03-26T00:01:14","slug":"informations","status":"publish","type":"page","link":"https:\/\/lacbrome.kracmedia.com\/index.php\/informations\/","title":{"rendered":"Informations"},"content":{"rendered":"\t\t<div data-elementor-type=\"wp-page\" data-elementor-id=\"255\" class=\"elementor elementor-255\" data-elementor-post-type=\"page\">\n\t\t\t\t\t\t<section class=\"elementor-section elementor-top-section elementor-element elementor-element-58d5c49a elementor-section-boxed elementor-section-height-default elementor-section-height-default\" data-id=\"58d5c49a\" data-element_type=\"section\" data-settings=\"{&quot;background_background&quot;:&quot;classic&quot;}\">\n\t\t\t\t\t\t\t<div class=\"elementor-background-overlay\"><\/div>\n\t\t\t\t\t\t\t<div class=\"elementor-container elementor-column-gap-no\">\n\t\t\t\t\t<div class=\"elementor-column elementor-col-100 elementor-top-column elementor-element elementor-element-4eb4adb4\" data-id=\"4eb4adb4\" data-element_type=\"column\">\n\t\t\t<div class=\"elementor-widget-wrap elementor-element-populated\">\n\t\t\t\t\t\t<div class=\"elementor-element elementor-element-48654606 elementor-widget elementor-widget-jkit_heading\" data-id=\"48654606\" data-element_type=\"widget\" data-widget_type=\"jkit_heading.default\">\n\t\t\t\t<div class=\"elementor-widget-container\">\n\t\t\t\t\t<div  class=\"jeg-elementor-kit jkit-heading  align-center align-tablet-center align-mobile-center jeg_module___6a05171a33273\" ><div class=\"heading-section-title  display-inline-block\"><h2 class=\"heading-title\">Informations<\/h2><\/div><div class=\"heading-section-separator\"><div class=\"separator-wrapper style-solid\"><\/div><\/div><\/div>\t\t\t\t<\/div>\n\t\t\t\t<\/div>\n\t\t\t\t\t<\/div>\n\t\t<\/div>\n\t\t\t\t\t<\/div>\n\t\t<\/section>\n\t\t\t\t<section class=\"elementor-section elementor-top-section elementor-element elementor-element-65bc53a elementor-section-boxed elementor-section-height-default elementor-section-height-default\" data-id=\"65bc53a\" data-element_type=\"section\">\n\t\t\t\t\t\t\t<div class=\"elementor-background-overlay\"><\/div>\n\t\t\t\t\t\t\t<div class=\"elementor-container elementor-column-gap-no\">\n\t\t\t\t\t<div class=\"elementor-column elementor-col-100 elementor-top-column elementor-element elementor-element-3e3e6f8\" data-id=\"3e3e6f8\" data-element_type=\"column\">\n\t\t\t<div class=\"elementor-widget-wrap elementor-element-populated\">\n\t\t\t\t\t\t<section class=\"elementor-section elementor-inner-section elementor-element elementor-element-9dc1cd8 elementor-section-boxed elementor-section-height-default elementor-section-height-default\" data-id=\"9dc1cd8\" data-element_type=\"section\" data-settings=\"{&quot;background_background&quot;:&quot;classic&quot;}\">\n\t\t\t\t\t\t<div class=\"elementor-container elementor-column-gap-no\">\n\t\t\t\t\t<div class=\"elementor-column elementor-col-33 elementor-inner-column elementor-element elementor-element-3132e72\" data-id=\"3132e72\" data-element_type=\"column\" data-settings=\"{&quot;background_background&quot;:&quot;classic&quot;}\">\n\t\t\t<div class=\"elementor-widget-wrap elementor-element-populated\">\n\t\t\t\t\t\t<div class=\"elementor-element elementor-element-605a9f9 elementor-widget elementor-widget-spacer\" data-id=\"605a9f9\" data-element_type=\"widget\" data-widget_type=\"spacer.default\">\n\t\t\t\t<div class=\"elementor-widget-container\">\n\t\t\t\t\t\t\t<div class=\"elementor-spacer\">\n\t\t\t<div class=\"elementor-spacer-inner\"><\/div>\n\t\t<\/div>\n\t\t\t\t\t\t<\/div>\n\t\t\t\t<\/div>\n\t\t\t\t\t<\/div>\n\t\t<\/div>\n\t\t\t\t<div class=\"elementor-column elementor-col-33 elementor-inner-column elementor-element elementor-element-67ea306\" data-id=\"67ea306\" data-element_type=\"column\" data-settings=\"{&quot;background_background&quot;:&quot;classic&quot;}\">\n\t\t\t<div class=\"elementor-widget-wrap elementor-element-populated\">\n\t\t\t\t\t\t<div class=\"elementor-element elementor-element-38c8a47 elementor-widget elementor-widget-heading\" data-id=\"38c8a47\" data-element_type=\"widget\" data-widget_type=\"heading.default\">\n\t\t\t\t<div class=\"elementor-widget-container\">\n\t\t\t\t\t<h3 class=\"elementor-heading-title elementor-size-default\">Tour du Lac Brome 2025<\/h3>\t\t\t\t<\/div>\n\t\t\t\t<\/div>\n\t\t\t\t<div class=\"elementor-element elementor-element-569be41 elementor-align-left elementor-icon-list--layout-traditional elementor-list-item-link-full_width elementor-widget elementor-widget-icon-list\" data-id=\"569be41\" data-element_type=\"widget\" data-widget_type=\"icon-list.default\">\n\t\t\t\t<div class=\"elementor-widget-container\">\n\t\t\t\t\t\t\t<ul class=\"elementor-icon-list-items\">\n\t\t\t\t\t\t\t<li class=\"elementor-icon-list-item\">\n\t\t\t\t\t\t\t\t\t\t\t<span class=\"elementor-icon-list-icon\">\n\t\t\t\t\t\t\t<svg aria-hidden=\"true\" class=\"e-font-icon-svg e-fas-calendar-check\" viewBox=\"0 0 448 512\" xmlns=\"http:\/\/www.w3.org\/2000\/svg\"><path d=\"M436 160H12c-6.627 0-12-5.373-12-12v-36c0-26.51 21.49-48 48-48h48V12c0-6.627 5.373-12 12-12h40c6.627 0 12 5.373 12 12v52h128V12c0-6.627 5.373-12 12-12h40c6.627 0 12 5.373 12 12v52h48c26.51 0 48 21.49 48 48v36c0 6.627-5.373 12-12 12zM12 192h424c6.627 0 12 5.373 12 12v260c0 26.51-21.49 48-48 48H48c-26.51 0-48-21.49-48-48V204c0-6.627 5.373-12 12-12zm333.296 95.947l-28.169-28.398c-4.667-4.705-12.265-4.736-16.97-.068L194.12 364.665l-45.98-46.352c-4.667-4.705-12.266-4.736-16.971-.068l-28.397 28.17c-4.705 4.667-4.736 12.265-.068 16.97l82.601 83.269c4.667 4.705 12.265 4.736 16.97.068l142.953-141.805c4.705-4.667 4.736-12.265.068-16.97z\"><\/path><\/svg>\t\t\t\t\t\t<\/span>\n\t\t\t\t\t\t\t\t\t\t<span class=\"elementor-icon-list-text\">14 au 15 Juin<\/span>\n\t\t\t\t\t\t\t\t\t<\/li>\n\t\t\t\t\t\t\t\t<li class=\"elementor-icon-list-item\">\n\t\t\t\t\t\t\t\t\t\t\t<span class=\"elementor-icon-list-icon\">\n\t\t\t\t\t\t\t<svg aria-hidden=\"true\" class=\"e-font-icon-svg e-fas-user\" viewBox=\"0 0 448 512\" xmlns=\"http:\/\/www.w3.org\/2000\/svg\"><path d=\"M224 256c70.7 0 128-57.3 128-128S294.7 0 224 0 96 57.3 96 128s57.3 128 128 128zm89.6 32h-16.7c-22.2 10.2-46.9 16-72.9 16s-50.6-5.8-72.9-16h-16.7C60.2 288 0 348.2 0 422.4V464c0 26.5 21.5 48 48 48h352c26.5 0 48-21.5 48-48v-41.6c0-74.2-60.2-134.4-134.4-134.4z\"><\/path><\/svg>\t\t\t\t\t\t<\/span>\n\t\t\t\t\t\t\t\t\t\t<span class=\"elementor-icon-list-text\">Lac Brome<\/span>\n\t\t\t\t\t\t\t\t\t<\/li>\n\t\t\t\t\t\t\t\t<li class=\"elementor-icon-list-item\">\n\t\t\t\t\t\t\t\t\t\t\t<span class=\"elementor-icon-list-icon\">\n\t\t\t\t\t\t\t<svg aria-hidden=\"true\" class=\"e-font-icon-svg e-fas-clock\" viewBox=\"0 0 512 512\" xmlns=\"http:\/\/www.w3.org\/2000\/svg\"><path d=\"M256,8C119,8,8,119,8,256S119,504,256,504,504,393,504,256,393,8,256,8Zm92.49,313h0l-20,25a16,16,0,0,1-22.49,2.5h0l-67-49.72a40,40,0,0,1-15-31.23V112a16,16,0,0,1,16-16h32a16,16,0,0,1,16,16V256l58,42.5A16,16,0,0,1,348.49,321Z\"><\/path><\/svg>\t\t\t\t\t\t<\/span>\n\t\t\t\t\t\t\t\t\t\t<span class=\"elementor-icon-list-text\">Ouverture Samedi le 14 15h00<\/span>\n\t\t\t\t\t\t\t\t\t<\/li>\n\t\t\t\t\t\t\t\t<li class=\"elementor-icon-list-item\">\n\t\t\t\t\t\t\t\t\t\t\t<span class=\"elementor-icon-list-icon\">\n\t\t\t\t\t\t\t<svg aria-hidden=\"true\" class=\"e-font-icon-svg e-fas-map-marker-alt\" viewBox=\"0 0 384 512\" xmlns=\"http:\/\/www.w3.org\/2000\/svg\"><path d=\"M172.268 501.67C26.97 291.031 0 269.413 0 192 0 85.961 85.961 0 192 0s192 85.961 192 192c0 77.413-26.97 99.031-172.268 309.67-9.535 13.774-29.93 13.773-39.464 0zM192 272c44.183 0 80-35.817 80-80s-35.817-80-80-80-80 35.817-80 80 35.817 80 80 80z\"><\/path><\/svg>\t\t\t\t\t\t<\/span>\n\t\t\t\t\t\t\t\t\t\t<span class=\"elementor-icon-list-text\">Lions Park, 37 Chemin du Ctre, Knowlton, QC, J0E 1V0, Canada<\/span>\n\t\t\t\t\t\t\t\t\t<\/li>\n\t\t\t\t\t\t<\/ul>\n\t\t\t\t\t\t<\/div>\n\t\t\t\t<\/div>\n\t\t\t\t\t<\/div>\n\t\t<\/div>\n\t\t\t\t<div class=\"elementor-column elementor-col-33 elementor-inner-column elementor-element elementor-element-5e25486\" data-id=\"5e25486\" data-element_type=\"column\" data-settings=\"{&quot;background_background&quot;:&quot;classic&quot;}\">\n\t\t\t<div class=\"elementor-widget-wrap elementor-element-populated\">\n\t\t\t\t\t\t<div class=\"elementor-element elementor-element-ac2d6f4 elementor-widget elementor-widget-heading\" data-id=\"ac2d6f4\" data-element_type=\"widget\" data-widget_type=\"heading.default\">\n\t\t\t\t<div class=\"elementor-widget-container\">\n\t\t\t\t\t<h3 class=\"elementor-heading-title elementor-size-default\"><a href=\"https:\/\/www.inscriptionenligne.ca\/tourdulacbrome\/\" target=\"_blank\">Inscriptions<\/a><\/h3>\t\t\t\t<\/div>\n\t\t\t\t<\/div>\n\t\t\t\t\t<\/div>\n\t\t<\/div>\n\t\t\t\t\t<\/div>\n\t\t<\/section>\n\t\t\t\t<div class=\"elementor-element elementor-element-75d9850 elementor-widget elementor-widget-text-editor\" data-id=\"75d9850\" data-element_type=\"widget\" data-widget_type=\"text-editor.default\">\n\t\t\t\t<div class=\"elementor-widget-container\">\n\t\t\t\t\t\t\t\t\t<div class=\"elementor-element elementor-element-3875779 elementor-widget elementor-widget-heading\" data-id=\"3875779\" data-element_type=\"widget\" data-widget_type=\"heading.default\"><div class=\"elementor-widget-container\"><h2 class=\"elementor-heading-title elementor-size-default\">Programmation<\/h2><\/div><\/div><div class=\"elementor-element elementor-element-b54ae15 elementor-widget elementor-widget-text-editor\" data-id=\"b54ae15\" data-element_type=\"widget\" data-widget_type=\"text-editor.default\"><div class=\"elementor-widget-container\"><p><strong>Samedi le 7 juin 2025<\/strong><\/p><p>11h00 \u2013 Ouverture de la cueillette des dossards au\u00a0<a href=\"https:\/\/www.chico.ca\/boutique\/chico-st-bruno\/\">Chico de Saint-Bruno<\/a>\u00a0au 1319 Rue Roberval, Saint-Bruno-de-Montarville, QC J3V 5J1<br \/>17h00 \u2013 Fermeture de la cueillette des dossards<\/p><p><strong>Vendredi le 13 juin 2025<\/strong><\/p><p>17h00 \u2013 Ouverture de la cueillette des dossards au Parc des Lions 37 rue Centre Lac Brome<br \/>19h30 \u2013 Fermeture de la cueillette des dossards<\/p><p><strong>Samedi le 14 juin 2025<\/strong><\/p><p>15h00 \u2013 Ouverture de la cueillette des dossards au Parc des Lions 37 rue Centre Lac Brome<br \/>17h00 \u2013 D\u00e9part du 6 km chemin de campagne, 12 km chemin de campagne et du 21.1 km chemin de campagne (<a href=\"https:\/\/tourdulacbrome.com\/wp-content\/uploads\/2024\/05\/21.1-km-samedi.png\">parcours du 21.1 km<\/a>)<\/p><p>19h30 \u2013 Remise des prix du 6 km, 12 km et 21.1 km<br \/>21h00 \u2013\u00a0Fermeture de la cueillette des dossards au\u00a0Parc des Lions 37 rue Centre Lac Brome<\/p><p><strong>Dimanche le 15 juin 2025<\/strong><\/p><p>07h00 \u2013 Ouverture de la cueillette des dossards au Parc des Lions 37 rue Centre Lac Brome<br \/>09h00 \u2013 D\u00e9part 21,1 km route (<a href=\"https:\/\/tourdulacbrome.com\/wp-content\/uploads\/2024\/05\/21.1-km-dimanche.png\">parcours du 21.1km du dimanche<\/a>)<br \/>09h00 \u2013 D\u00e9part 10 km route course ou marche (derni\u00e8re navette \u00e0 8h20)(<a href=\"https:\/\/tourdulacbrome.com\/wp-content\/uploads\/2024\/05\/10kmlacbrome.png\">parcours du 10km<\/a>)<br \/>10h00 \u2013 D\u00e9part 5 km route course ou marche<br \/>11h00 \u2013 Remise des prix du 5 km, 10 km et du 21.1 km<br \/>11h30 \u2013 D\u00e9part 1 km Mini-Marathon\u00a0(<a href=\"https:\/\/tourdulacbrome.com\/wp-content\/uploads\/2024\/05\/Cre%CC%81ation-sans-titre-62.png\">parcours du 1km<\/a>)<br \/>11h45 \u2013 Remise des prix 1 km<\/p><p><strong>D\u00e9part et ligne d\u2019arriv\u00e9e<\/strong>\u00a0Tous les d\u00e9parts et arriv\u00e9es auront lieu au m\u00eame endroit au Parc des Lions, sauf le d\u00e9part du 10 km le dimanche. Un service de navette sera offert aux coureurs \u00e0 partir du Parc des Lions.<\/p><p><strong>Chandail de l\u2019\u00e9v\u00e9nement :<\/strong>\u00a0Un chandail technique de l\u2019\u00e9v\u00e9nement est remis aux participants des \u00e9preuves du 5 km et plus.<\/p><p><strong>Ravitaillement :<\/strong>\u00a0De l\u2019eau et de la boisson sportive Brix seront disponibles sur les parcours \u00e0 tous les 3-4 km ainsi qu\u2019au d\u00e9part et arriv\u00e9e.<\/p><p><strong>Chronom\u00e9trage par Sportstats :<\/strong>\u00a0Syst\u00e8mes de chronom\u00e9trages \u00e0 la fine pointe de la technologie MyLaps incluant les syst\u00e8mes ChampionChip, ProChip et BibTag. Des bornes kilom\u00e9triques \u00e0 chaque kilom\u00e8tres sur tous les parcours.<\/p><p><strong>Repas :<\/strong>\u00a0Un repas l\u00e9ger sera offert \u00e0 tous les participants inscrits \u00e0 la course.<\/p><p><strong>Vestiaire :<\/strong>\u00a0Pr\u00e9voir des v\u00eatements de rechange. Vous pourrez laisser votre bagage pr\u00e8s de la tente d\u2019inscription. Votre dossard est requis pour r\u00e9cup\u00e9rer votre bagage d\u00e9pos\u00e9, apr\u00e8s la course.<\/p><p><strong>Toilettes :<\/strong>\u00a0Toilettes disponibles dans la zone de d\u00e9part et d\u2019arriv\u00e9e. De plus, des toilettes sont disponibles au d\u00e9part du 10 km.<\/p><p><strong>Stationnement :<\/strong>\u00a0Le stationnement est situ\u00e9 \u00e0 proximit\u00e9 du Parc des Lions. On demande aux participants d\u2019arriver t\u00f4t, si possible avant 7h30.<\/p><p><strong>Service de premiers soins offert par Les Premiers r\u00e9pondants du Lac Brome.<\/strong><\/p><p><strong>Spectateurs :<\/strong>\u00a0Bienvenue aux spectateurs, le meilleur endroit pour regarder la course est dans la zone de d\u00e9part et arriv\u00e9e.<\/p><p><strong>M\u00e9dailles :<\/strong>\u00a0Des m\u00e9dailles de participations seront remis \u00e0 tous les finissants.<\/p><p>Des m\u00e9dailles seront aussi remises aux 3 premiers hommes et femmes de chaque cat\u00e9gorie d\u2019\u00e2ge \u00e0 la tente protocolaire.<\/p><p><strong>Cat\u00e9gories pour les m\u00e9dailles<\/strong><\/p><p>\u2013 1 km : 0 \u00e0 5 ans, 6-7 ans, 8-9 ans, 10-11 ans.<\/p><p>\u2013 2 km trail: 0-12 ans, 13-19 ans, 20 ans et plus.<\/p><p>\u2013 4,5 km trail : 0-19 ans, 20-29, 30-39, 40-49, 50-59, 60-69, 70-79, 80 et plus<\/p><p>\u2013 5 km: 0-19 ans, 20-29, 30-39, 40-49, 50-59, 60-69, 70-79, 80 et plus<\/p><p>\u2013 9 km trail : 0-19 ans, 20-29, 30-39, 40-49, 50-59, 60-69, 70-79, 80 et plus<\/p><p>\u2013 10 km: 0-19 ans, 20-29, 30-39, 40-49, 50-59, 60-69, 70-79, 80 et plus<\/p><p>\u2013 21.1 km: 0-19 ans, 20-29, 30-39, 40-49, 50-59, 60-69, 70-79, 80 et plus<\/p><p><strong>Remise des prix\u00a0:<\/strong>\u00a0Tous les prix doivent \u00eatre ramass\u00e9s \u00e0 la course et ceux ci ne seront pas envoy\u00e9s par la poste.<\/p><p>Bourses pour le 21.1 km route du dimanche seulement<\/p><p>Homme \/ Femme \u2013 1re position \u2013 200$ \u2013 2e position \u2013 100$ \u2013 3e position \u2013 75$<\/p><\/div><\/div>\t\t\t\t\t\t\t\t<\/div>\n\t\t\t\t<\/div>\n\t\t\t\t\t<\/div>\n\t\t<\/div>\n\t\t\t\t\t<\/div>\n\t\t<\/section>\n\t\t\t\t<section class=\"elementor-section elementor-top-section elementor-element elementor-element-1c305754 elementor-section-boxed elementor-section-height-default elementor-section-height-default\" data-id=\"1c305754\" data-element_type=\"section\" data-settings=\"{&quot;background_background&quot;:&quot;classic&quot;}\">\n\t\t\t\t\t\t<div class=\"elementor-container elementor-column-gap-no\">\n\t\t\t\t\t<div class=\"elementor-column elementor-col-100 elementor-top-column elementor-element elementor-element-20fe65bb\" data-id=\"20fe65bb\" data-element_type=\"column\">\n\t\t\t<div class=\"elementor-widget-wrap elementor-element-populated\">\n\t\t\t\t\t\t<div class=\"elementor-element elementor-element-a28ee58 elementor-widget elementor-widget-jkit_testimonials\" data-id=\"a28ee58\" data-element_type=\"widget\" data-widget_type=\"jkit_testimonials.default\">\n\t\t\t\t<div class=\"elementor-widget-container\">\n\t\t\t\t\t<div  class=\"jeg-elementor-kit jkit-testimonials arrow-bottom-middle style-2  jeg_module__1_6a05171a3e1b2\"  data-id=\"jeg_module__1_6a05171a3e1b2\" data-settings=\"{&quot;autoplay&quot;:true,&quot;autoplay_speed&quot;:3500,&quot;autoplay_hover_pause&quot;:false,&quot;show_navigation&quot;:false,&quot;navigation_left&quot;:&quot;&lt;span&gt;&lt;svg aria-hidden=\\&quot;true\\&quot; class=\\&quot;e-font-icon-svg e-fas-angle-left\\&quot; viewBox=\\&quot;0 0 256 512\\&quot; xmlns=\\&quot;http:\\\/\\\/www.w3.org\\\/2000\\\/svg\\&quot;&gt;&lt;path d=\\&quot;M31.7 239l136-136c9.4-9.4 24.6-9.4 33.9 0l22.6 22.6c9.4 9.4 9.4 24.6 0 33.9L127.9 256l96.4 96.4c9.4 9.4 9.4 24.6 0 33.9L201.7 409c-9.4 9.4-24.6 9.4-33.9 0l-136-136c-9.5-9.4-9.5-24.6-.1-34z\\&quot;&gt;&lt;\\\/path&gt;&lt;\\\/svg&gt;&lt;\\\/span&gt;&quot;,&quot;navigation_right&quot;:&quot;&lt;span&gt;&lt;svg aria-hidden=\\&quot;true\\&quot; class=\\&quot;e-font-icon-svg e-fas-angle-right\\&quot; viewBox=\\&quot;0 0 256 512\\&quot; xmlns=\\&quot;http:\\\/\\\/www.w3.org\\\/2000\\\/svg\\&quot;&gt;&lt;path d=\\&quot;M224.3 273l-136 136c-9.4 9.4-24.6 9.4-33.9 0l-22.6-22.6c-9.4-9.4-9.4-24.6 0-33.9l96.4-96.4-96.4-96.4c-9.4-9.4-9.4-24.6 0-33.9L54.3 103c9.4-9.4 24.6-9.4 33.9 0l136 136c9.5 9.4 9.5 24.6.1 34z\\&quot;&gt;&lt;\\\/path&gt;&lt;\\\/svg&gt;&lt;\\\/span&gt;&quot;,&quot;show_dots&quot;:false,&quot;arrow_position&quot;:&quot;bottom&quot;,&quot;responsive&quot;:{&quot;desktop&quot;:{&quot;items&quot;:1,&quot;margin&quot;:10,&quot;breakpoint&quot;:1025},&quot;tablet&quot;:{&quot;items&quot;:1,&quot;margin&quot;:10,&quot;breakpoint&quot;:768},&quot;mobile&quot;:{&quot;items&quot;:1,&quot;margin&quot;:10,&quot;breakpoint&quot;:0}}}\"><div class=\"testimonials-list\">\n            <div class=\"testimonials-track\"><div class=\"testimonial-item  elementor-repeater-item-67786f4\">\n                    <div class=\"testimonial-box hover-from-left\" >\n                        <div class=\"comment-content\"><p>Quelle belle organisation ! Encouragement des b\u00e9n\u00e9voles, des citoyens tout au long du parcours malgr\u00e9 la pluie ! R\u00e9cup\u00e9ration des dossards rapide et facile, ambiance de f\u00eate et de fiert\u00e9 pour tous, beaucoup de sourires. Musique, animation, b\u00e9n\u00e9voles d\u00e9vou\u00e9s, les m\u00e9dailles sont tellement belles ! Notre tradition de la f\u00eate des p\u00e8res ! Merci \ud83e\udd29<\/p><\/div>\n                    <div class=\"comment-header\"><ul class=\"rating-stars\"><\/ul><\/div>\n                    <div class=\"comment-bio\"><div class=\"bio-details\">\n                <div class=\"profile-image\"><\/div>\n                <span class=\"profile-info\">\n                    <strong class=\"profile-name\"><\/strong>\n                    <p class=\"profile-des\"><\/p>\n                <\/span>\n            <\/div><div class=\"icon-content\"><i aria-hidden=\"true\" class=\"jki jki-quote1-light\"><\/i><\/div><\/div>\n                    <\/div>\n                <\/div><div class=\"testimonial-item  elementor-repeater-item-24e1d8a\">\n                    <div class=\"testimonial-box hover-from-left\" >\n                        <div class=\"comment-content\"><p>Une organisation magnifique ! J'adore cette course, toujours ma pr\u00e9f\u00e9r\u00e9e !<\/p><\/div>\n                    <div class=\"comment-header\"><ul class=\"rating-stars\"><\/ul><\/div>\n                    <div class=\"comment-bio\"><div class=\"bio-details\">\n                <div class=\"profile-image\"><\/div>\n                <span class=\"profile-info\">\n                    <strong class=\"profile-name\"><\/strong>\n                    <p class=\"profile-des\"><\/p>\n                <\/span>\n            <\/div><div class=\"icon-content\"><i aria-hidden=\"true\" class=\"jki jki-quote1-light\"><\/i><\/div><\/div>\n                    <\/div>\n                <\/div><div class=\"testimonial-item  elementor-repeater-item-2d6459c\">\n                    <div class=\"testimonial-box hover-from-left\" >\n                        <div class=\"comment-content\"><p>oui je le recommande ; j,y partcipe depuis quelques ann\u00e9es<\/p><\/div>\n                    <div class=\"comment-header\"><ul class=\"rating-stars\"><\/ul><\/div>\n                    <div class=\"comment-bio\"><div class=\"bio-details\">\n                <div class=\"profile-image\"><\/div>\n                <span class=\"profile-info\">\n                    <strong class=\"profile-name\"><\/strong>\n                    <p class=\"profile-des\"><\/p>\n                <\/span>\n            <\/div><div class=\"icon-content\"><i aria-hidden=\"true\" class=\"jki jki-quote1-light\"><\/i><\/div><\/div>\n                    <\/div>\n                <\/div><\/div>\n        <\/div><\/div>\t\t\t\t<\/div>\n\t\t\t\t<\/div>\n\t\t\t\t\t<\/div>\n\t\t<\/div>\n\t\t\t\t\t<\/div>\n\t\t<\/section>\n\t\t\t\t<\/div>\n\t\t","protected":false},"excerpt":{"rendered":"<p>Informations Tour du Lac Brome 2025 14 au 15 Juin Lac Brome Ouverture Samedi le 14 15h00 Lions Park, 37 Chemin du Ctre, Knowlton, QC, J0E 1V0, Canada Inscriptions Programmation Samedi le 7 juin 2025 11h00 \u2013 Ouverture de la cueillette des dossards au\u00a0Chico de Saint-Bruno\u00a0au 1319 Rue Roberval, Saint-Bruno-de-Montarville, QC J3V 5J117h00 \u2013 Fermeture [&hellip;]<\/p>\n","protected":false},"author":1,"featured_media":0,"parent":0,"menu_order":0,"comment_status":"closed","ping_status":"closed","template":"elementor_header_footer","meta":{"footnotes":""},"class_list":["post-255","page","type-page","status-publish","hentry"],"_links":{"self":[{"href":"https:\/\/lacbrome.kracmedia.com\/index.php\/wp-json\/wp\/v2\/pages\/255","targetHints":{"allow":["GET"]}}],"collection":[{"href":"https:\/\/lacbrome.kracmedia.com\/index.php\/wp-json\/wp\/v2\/pages"}],"about":[{"href":"https:\/\/lacbrome.kracmedia.com\/index.php\/wp-json\/wp\/v2\/types\/page"}],"author":[{"embeddable":true,"href":"https:\/\/lacbrome.kracmedia.com\/index.php\/wp-json\/wp\/v2\/users\/1"}],"replies":[{"embeddable":true,"href":"https:\/\/lacbrome.kracmedia.com\/index.php\/wp-json\/wp\/v2\/comments?post=255"}],"version-history":[{"count":7,"href":"https:\/\/lacbrome.kracmedia.com\/index.php\/wp-json\/wp\/v2\/pages\/255\/revisions"}],"predecessor-version":[{"id":265,"href":"https:\/\/lacbrome.kracmedia.com\/index.php\/wp-json\/wp\/v2\/pages\/255\/revisions\/265"}],"wp:attachment":[{"href":"https:\/\/lacbrome.kracmedia.com\/index.php\/wp-json\/wp\/v2\/media?parent=255"}],"curies":[{"name":"wp","href":"https:\/\/api.w.org\/{rel}","templated":true}]}}